{"id":47,"date":"2024-04-08T17:54:39","date_gmt":"2024-04-08T15:54:39","guid":{"rendered":"https:\/\/wp.hds-consult.com\/?page_id=47"},"modified":"2024-04-08T17:54:40","modified_gmt":"2024-04-08T15:54:40","slug":"impressum","status":"publish","type":"page","link":"https:\/\/wp.hds-consult.com\/?page_id=47","title":{"rendered":"Impressum"},"content":{"rendered":"\n<div class=\"wp-block-group\"><div class=\"wp-block-group__inner-container is-layout-constrained wp-block-group-is-layout-constrained\">\n<p><br><br><span lang=\"DE\">Hans Dieter Stelzer Consult GmbH<\/span><\/p>\n\n\n\n<p class=\"has-small-font-size\"><span lang=\"DE\">Feldmeierbogen 21<br>81245 M\u00fcnchen<\/span><br><p class=\"MsoNormal\"><span lang=\"IT\">Telefon: \u00a0089 89711051<br>Telefax:\u00a0\u00a0 089 89711050<br>E-Mail:\u00a0\u00a0\u00a0 <a href=\"mailto:stelzer@hds-consult.com\"><span lang=\"IT\">stelzer@hds-consult.com<\/span><\/a><\/span><u><span lang=\"IT\"><br><\/span><\/u><span lang=\"IT\">Internet: <a href=\"http:\/\/www.hds-consult.com\/\"><span lang=\"IT\">www.hds-consult.com<\/span><\/a><\/span><span lang=\"IT\"><\/span><\/p><span lang=\"DE\">Gesch\u00e4ftsf\u00fchrer: Hans Dieter Stelzer<br>Handelsregister: HRB223290 Amtsgericht M\u00fcnchen<br>Steuernummer:\u00a0 143\/144\/10859 Finanzamt M\u00fcnchen <br>Umsatzsteuer-ID: DE304381482<br>Inhaltlich verantwortlich i.S.d. \u00a75 TMG und \u00a718 Abs.2 MDSTV: Hans Dieter<br>Stelzer (Kontaktdaten siehe oben)<\/span><br><p class=\"MsoNormal\"><b><span lang=\"DE\">Gewerbliche T\u00e4tigkeit<\/span><\/b><span style=\"text-indent: -18pt; color: initial; font-variant-numeric: normal; font-variant-east-asian: normal; font-variant-alternates: normal; font-kerning: auto; font-optical-sizing: auto; font-feature-settings: normal; font-variation-settings: normal; font-variant-position: normal; font-stretch: normal; font-size: 7pt; line-height: normal; font-family: &quot;Times New Roman&quot;;\">\u00a0\u00a0\u00a0\u00a0\u00a0\u00a0\u00a0\u00a0<\/span><\/p><span lang=\"DE\">Gewerbemeldung <br>Landeshauptstadt M\u00fcnchen Betriebsnummer \u00a0A16051957<\/span><br><br><span lang=\"DE\">T\u00e4tigkeit in der Vermittlung<br>von juristischer und notarieller Dienstleistung <br>keine Rechtsberatung und keine Steuerberatung<\/span><br><br><span lang=\"DE\" style=\"font-family:Symbol;mso-fareast-font-family:Symbol;mso-bidi-font-family:\nSymbol;mso-bidi-font-weight:bold\"><span style=\"font-variant-numeric: normal; font-variant-east-asian: normal; font-variant-alternates: normal; font-kerning: auto; font-optical-sizing: auto; font-feature-settings: normal; font-variation-settings: normal; font-variant-position: normal; font-stretch: normal; font-size: 7pt; line-height: normal; font-family: &quot;Times New Roman&quot;;\"><br><\/span><\/span><span lang=\"DE\">T\u00e4tigkeit als Versicherungsberater mit Erlaubnis nach \u00a734d Abs. 2 GewO Die Hans Dieter Stelzer Consult GmbH (HDS Consult GmbH<br>\u2013 Auftragnehmer) ber\u00e4t Privat- und Unternehmenskunden (Auftraggeber). Die Verg\u00fctung f\u00fcr die Beratung wird direkt mit dem Auftraggeber vereinbart. Die Fakturierung erfolgt direkt bzw. \u00fcber Dienstleister.<br><br>Der Versicherungsberater darf sich seine T\u00e4tigkeit nur durch den Auftraggeber verg\u00fcten lassen. Zuwendungen eines Versicherungsunternehmens im Zusammenhang mit der Beratung, insbesondere auf Grund einer Vermittlung als Folge der Beratung, darf er nicht annehmen. Sind mehrere Versicherungen f\u00fcr den Versicherungs-nehmer in gleicher Weise geeignet, hat der Versicherungsberater dem Versicherungsnehmer vorrangig die Versicherung anzubieten, die ohne das Angebt einer Zuwendung seitens des Versicherungs- unternehmens erh\u00e4ltlich ist.<br>Wenn der Versicherungsberater dem Versicherungsnehmer eine Versicherung vermittelt, deren Vertragsbestandteil auch Zuwendungen zugunsten desjenigen enth\u00e4lt, der die Versicherung vermittelt, hat er unverz\u00fcglich die Auskehrung der Zuwendungen durch das Versicherungsunternehmen an den Versicherungsnehmer nach<\/span> <span lang=\"DE\">\u00a7 48c Absatz 1 des Versicherungsaufsichtsgesetzes zu veranlassen (Quelle: \u00a7 34d Abs. 2 Satz 4 GewO).<\/span><br><\/p>\n\n\n\n<p class=\"has-small-font-size\"><span lang=\"DE\">Registrierung im <a href=\"http:\/\/www.vermittlerregister.info\/\">www.vermittlerregister.info<\/a> unter<br>Nr. D-IC6K-7LR35-78, Bundesrepublik Deutschland<\/span><span lang=\"DE\" style=\"font-family:Symbol;mso-fareast-font-family:Symbol;mso-bidi-font-family:\nSymbol\"><span style=\"font-variant-numeric: normal; font-variant-east-asian: normal; font-variant-alternates: normal; font-kerning: auto; font-optical-sizing: auto; font-feature-settings: normal; font-variation-settings: normal; font-variant-position: normal; font-stretch: normal; font-size: 7pt; line-height: normal; font-family: &quot;Times New Roman&quot;;\"><br><\/span><\/span><span lang=\"DE\">Offenlegung direkter oder indirekter Beteiligungen Die Hans Dieter Stelzer Consult GmbH besitz weder direkte noch indirekte Beteiligungen von \u00fcber zehn Prozent an den Stimmrechte oder am Kapital eines Versicherungsunternehmens, noch besitzen Versicherungsunternehmen oder<br>Mutterunternehmen von Versicherungsunternehmen eine direkte oder indirekte Beteiligung von \u00fcber zehn Prozent an den Stimmrechten oder am Kapital der Hans Dieter Consult GmbH.<\/span><\/p>\n\n\n\n<p class=\"has-small-font-size\"><span lang=\"DE\">Zust\u00e4ndige Aufsichtsbeh\u00f6rde<br>(Versicherungsberater) <br>IHK M\u00fcnchen und Oberbayern<br>Max-Joseph-Str. 2<br>81541 M\u00fcnchen<br><br>Telefon:\u00a0 089 5116 0<br>Telefax:\u00a0\u00a0 089 5116 1306<br>Internet: <a href=\"http:\/\/www.muenchen.ihk.de\/\">www.muenchen.ihk.de<\/a><\/span><br><span lang=\"DE\" style=\"font-family:Symbol;mso-fareast-font-family:Symbol;mso-bidi-font-family:\nSymbol\"><span style=\"font-variant-numeric: normal; font-variant-east-asian: normal; font-variant-alternates: normal; font-kerning: auto; font-optical-sizing: auto; font-feature-settings: normal; font-variation-settings: normal; font-variant-position: normal; font-stretch: normal; font-size: 7pt; line-height: normal; font-family: &quot;Times New Roman&quot;;\"><br><\/span><\/span><span lang=\"DE\">Gemeinsame Registrierstelle<br>gem. \u00a7 11a Abs. 1 und \u00a7 34 der Gewerbeordnung (GewO)<br>DIHK &#8211; Deutsche Industrie- und Handelskammer<br>Breite Str. 29<br>10178 Berlin<br><br>Telefon:\u00a0 0180 6 005850 (0,20 \u20ac aus dem<br>dt. Festnetz, h\u00f6chstens 0,60\u20ac\/Anruf aus Mobilfunknetzen)<br>Internet: www.vermittlerregister.info<br><\/span><\/p>\n\n\n\n<p class=\"has-small-font-size\"><span lang=\"DE\">Zust\u00e4ndige Aufsichtsbeh\u00f6rde<br>(Versicherungs-\/Kapitalanlagengesellschaften, Banken)<br>Bundesanstalt f\u00fcr Finanzdienstleistungsaufsicht (BaFin)<br>Postfach 1253<br>53002 Bonn<br><br>Telefon:\u00a0 0228 4108 0<br>Telefax:\u00a0 0228 4108 1550<br>Email:\u00a0\u00a0\u00a0<span lang=\"DE\"> <a href=\"mailto:poststelle@bafin.de\">poststelle@bafin.de<\/a><\/span><span lang=\"DE\" style=\"font-family:Symbol;mso-fareast-font-family:Symbol;mso-bidi-font-family:\nSymbol;mso-bidi-font-weight:bold\"><span style=\"font-variant-numeric: normal; font-variant-east-asian: normal; font-variant-alternates: normal; font-kerning: auto; font-optical-sizing: auto; font-feature-settings: normal; font-variation-settings: normal; font-variant-position: normal; font-stretch: normal; font-size: 7pt; line-height: normal; font-family: &quot;Times New Roman&quot;;\">\u00a0\u00a0<\/span><\/span><br>Internet <span lang=\"DE\">\u00a0 <a href=\"http:\/\/www.bafin.de\/\">www.bafin.de<\/a><\/span>\u00a0\u00a0\u00a0\u00a0\u00a0\u00a0\u00a0\u00a0\u00a0\u00a0\u00a0\u00a0<\/span><span lang=\"DE\" style=\"font-family:Symbol;mso-fareast-font-family:Symbol;mso-bidi-font-family:\nSymbol;mso-bidi-font-weight:bold\"><span style=\"font-variant-numeric: normal; font-variant-east-asian: normal; font-variant-alternates: normal; font-kerning: auto; font-optical-sizing: auto; font-feature-settings: normal; font-variation-settings: normal; font-variant-position: normal; font-stretch: normal; font-size: 7pt; line-height: normal; font-family: &quot;Times New Roman&quot;;\"><br><\/span><\/span><\/p>\n\n\n\n<p class=\"has-small-font-size\"><span lang=\"DE\">Schlichtungsstellen\u00a0 nach \u00a7 11 Abs. 1 Nr. 8 Vermittlungsverordnung (VersVermV)Versicherungsombudsmann e.V., Postfach 080632, 10006 Berlin<br>Telefon:\u00a0 0800 3696000 (Kostenfrei aus dem dt.<br>Festnetz, h\u00f6chstens 0,42\u20ac\/Min. aus Mobilfunknetzen)<br>Telefax:\u00a0\u00a0 0800 3699000 (Kostenfrei aus<br>dem dt. Festnetz, h\u00f6chstens 0,42\u20ac\/Min. aus Mobilfunknetzen)<br>Internet: <a href=\"http:\/\/www.versicherungsombudsmann.de\/\">www.versicherungsombudsmann.de<\/a><br>Email:\u00a0\u00a0\u00a0\u00a0\u00a0 <a href=\"mailto:info@versicherungsombudsmann.de\">info@versicherungsombudsmann.de<\/a><br><br>Ombudsmann f\u00fcr die private Kranken-\u00a0<br>und Pflegeversicherung, Postfach 060222, 10052 Berlin<br>Telefon:\u00a0 0800 2550444\u00a0 (Kostenfrei aus dem dt. Festnetz, h\u00f6chsten<br>0,42\u20ac\/Min. aus Mobil-<br>\u00a0\u00a0\u00a0\u00a0\u00a0\u00a0\u00a0\u00a0\u00a0\u00a0\u00a0\u00a0\u00a0\u00a0\u00a0\u00a0\u00a0\u00a0\u00a0\u00a0\u00a0\u00a0\u00a0\u00a0\u00a0\u00a0\u00a0\u00a0\u00a0\u00a0\u00a0\u00a0\u00a0\u00a0\u00a0\u00a0\u00a0\u00a0\u00a0\u00a0\u00a0\u00a0\u00a0<br>funknetzen) <br>Telefax:\u00a0 030 20458931<br>Internet: <a href=\"http:\/\/www.pkv-ombudsmann.de\/\">www.pkv-ombudsmann.de<\/a><br>Email:\u00a0\u00a0\u00a0\u00a0\u00a0 <a href=\"mailto:ombudsmann@pkv.de\">ombudsmann@pkv.de<\/a><\/span><br><br><span lang=\"DE\">Streitschlichtung<\/span><br><span lang=\"DE\">Die europ\u00e4ische Kommission stellt eine Plattform zur Online-Streitbeilegung (OS) bereit:<br><a href=\"https:\/\/ec.europa.eu\/consumers\/odr\">https:\/\/ec.europa.eu\/consumers\/odr<\/a><\/span><br><span lang=\"DE\">Die Hans Dieter Stelzer Consult GmbH ist nicht verpflichtet, an Streitbeilegungsverfahren vor einer<br>Verbraucherschlichtungsstelle teilzunehmen. <br><br><\/span><strong><span lang=\"DE\">Haftungsausschluss<\/span><br><\/strong><br><strong><span lang=\"DE\">Inhalt des Onlineangebotes<\/span><br><\/strong><br><span lang=\"DE\">Der Autor \u00fcbernimmt keinerlei Gew\u00e4hr f\u00fcr die Aktualit\u00e4t, Korrektheit, Vollst\u00e4ndigkeit oder Qualit\u00e4t der bereitgestellten<br>Informationen. Haftungsanspr\u00fcche gegen den Autor, welche sich auf Sch\u00e4den materieller oder ideeller Art beziehen, die durch die Nutzung oder Nichtnutzung der dargebotenen Informationen bzw. durch die Nutzung fehlerhafter und unvollst\u00e4ndiger Informationen verursacht wurden, sind grunds\u00e4tzlich ausgeschlossen, sofern seitens des Autors kein nachweislich vors\u00e4tzliches oder grob fahrl\u00e4ssiges Verschulden vorliegt. Alle Angebote sind freibleibend und unverbindlich. Der Autor beh\u00e4lt es sich ausdr\u00fccklich vor, Teile der Seiten oder das gesamte Angebot ohne gesonderte Ank\u00fcndigung zu ver\u00e4ndern, zu erg\u00e4nzen, zu l\u00f6schen oder die Ver\u00f6ffentlichung zeitweise oder endg\u00fcltig einzustellen.<\/span><br><br><span lang=\"DE\">\u00a0<\/span><strong><span lang=\"DE\">Verweise und Links<\/span><br><\/strong><br><span lang=\"DE\">Bei direkten oder indirekten Verweisen auf fremde Webseiten (&#8222;Hyperlinks&#8220;), die au\u00dferhalb des Verantwortungsbereiches des Autors liegen, w\u00fcrde eine Haftungsverpflichtung ausschlie\u00dflich in dem Fall in Kraft treten, in dem der Autor von den Inhalten Kenntnis hat und es ihm technisch m\u00f6glich und zumutbar w\u00e4re, die Nutzung im Falle rechtswidriger Inhalte zu verhindern. Der Autor erkl\u00e4rt hiermit ausdr\u00fccklich, dass zum Zeitpunkt der Linksetzung keine illegalen Inhalte auf den zu verlinkenden Seiten erkennbar waren. Auf die aktuelle und zuk\u00fcnftige Gestaltung, die Inhalte oder die Urheberschaft der verlinkten\/verkn\u00fcpften Seiten hat der Autor keinerlei Einfluss. Deshalb distanziert er sich hiermit ausdr\u00fccklich von allen Inhalten aller verlinkten \/verkn\u00fcpften Seiten, die nach der Linksetzung ver\u00e4ndert wurden. Diese Feststellung gilt f\u00fcr alle innerhalb des eigenen Internetangebotes gesetzten Links und Verweise sowie f\u00fcr Fremdeintr\u00e4ge in vom Autor eingerichteten G\u00e4steb\u00fcchern, Diskussionsforen,<br>Linkverzeichnissen, Mailinglisten und in allen anderen Formen von Datenbanken, auf deren Inhalt externe Schreibzugriffe m\u00f6glich sind. F\u00fcr illegale,<br>fehlerhafte oder unvollst\u00e4ndige Inhalte und insbesondere f\u00fcr Sch\u00e4den, die aus der Nutzung oder Nichtnutzung solcherart dargebotener Informationen entstehen, haftet allein der Anbieter der Seite, auf welche verwiesen wurde, nicht derjenige, der \u00fcber Links auf die jeweilige Ver\u00f6ffentlichung lediglich verweist.<\/span><br><br><span lang=\"DE\">\u00a0<\/span><strong><span lang=\"DE\">Urheber- und Kennzeichenrecht<\/span><br><\/strong><br><span lang=\"DE\">Der Autor ist bestrebt, in allen Publikationen die Urheberrechte der verwendeten Bilder, Grafiken, Tondokumente, Videosequenzen und Texte zu beachten, von ihm selbst erstellte Bilder, Grafiken, Tondokumente, Videosequenzen und Texte zu nutzen oder auf lizenzfreie Grafiken, Tondokumente, Videosequenzen und Texte zur\u00fcckzugreifen.<\/span><br><br><span lang=\"DE\">Alle innerhalb des Internetangebotes genannten und ggf. durch Dritte gesch\u00fctzten Marken- und Warenzeichen unterliegen uneingeschr\u00e4nkt den Bestimmungen des jeweils g\u00fcltigen Kennzeichenrechts und den Besitzrechten der jeweiligen eingetragenen Eigent\u00fcmer. Allein aufgrund der<br>blo\u00dfen Nennung ist nicht der Schluss zu ziehen, dass Markenzeichen nicht durch Rechte Dritter gesch\u00fctzt sind! Das Copyright f\u00fcr ver\u00f6ffentlichte, vom Autor selbst erstellte Objekte bleibt allein beim Autor der Seiten. Eine Vervielf\u00e4ltigung oder Verwendung solcher Grafiken, Tondokumente, Videosequenzen und Texte in anderen elektronischen oder gedruckten Publikationen ist ohne ausdr\u00fcckliche Zustimmung des Autors nicht gestattet.<\/span><br><br><\/p>\n<\/div><\/div>\n","protected":false},"excerpt":{"rendered":"<p>Hans Dieter Stelzer Consult GmbH Feldmeierbogen 2181245 M\u00fcnchen Telefon: \u00a0089 89711051Telefax:\u00a0\u00a0 089 89711050E-Mail:\u00a0\u00a0\u00a0 stelzer@hds-consult.comInternet: www.hds-consult.com Gesch\u00e4ftsf\u00fchrer: Hans Dieter StelzerHandelsregister: HRB223290 Amtsgericht M\u00fcnchenSteuernummer:\u00a0 143\/144\/10859 Finanzamt M\u00fcnchen Umsatzsteuer-ID: DE304381482Inhaltlich verantwortlich i.S.d. \u00a75 &#8230;<\/p>\n","protected":false},"author":1,"featured_media":0,"parent":0,"menu_order":0,"comment_status":"closed","ping_status":"closed","template":"","meta":{"footnotes":""},"class_list":["post-47","page","type-page","status-publish","hentry"],"_links":{"self":[{"href":"https:\/\/wp.hds-consult.com\/index.php?rest_route=\/wp\/v2\/pages\/47","targetHints":{"allow":["GET"]}}],"collection":[{"href":"https:\/\/wp.hds-consult.com\/index.php?rest_route=\/wp\/v2\/pages"}],"about":[{"href":"https:\/\/wp.hds-consult.com\/index.php?rest_route=\/wp\/v2\/types\/page"}],"author":[{"embeddable":true,"href":"https:\/\/wp.hds-consult.com\/index.php?rest_route=\/wp\/v2\/users\/1"}],"replies":[{"embeddable":true,"href":"https:\/\/wp.hds-consult.com\/index.php?rest_route=%2Fwp%2Fv2%2Fcomments&post=47"}],"version-history":[{"count":3,"href":"https:\/\/wp.hds-consult.com\/index.php?rest_route=\/wp\/v2\/pages\/47\/revisions"}],"predecessor-version":[{"id":50,"href":"https:\/\/wp.hds-consult.com\/index.php?rest_route=\/wp\/v2\/pages\/47\/revisions\/50"}],"wp:attachment":[{"href":"https:\/\/wp.hds-consult.com\/index.php?rest_route=%2Fwp%2Fv2%2Fmedia&parent=47"}],"curies":[{"name":"wp","href":"https:\/\/api.w.org\/{rel}","templated":true}]}}